{"id":44,"date":"2021-02-12T19:31:25","date_gmt":"2021-02-12T22:31:25","guid":{"rendered":"https:\/\/www.uogc.org.ar\/?page_id=44"},"modified":"2024-10-25T20:32:44","modified_gmt":"2024-10-25T23:32:44","slug":"principios","status":"publish","type":"page","link":"https:\/\/www.uogc.org.ar\/uogc\/principios\/","title":{"rendered":"Principios"},"content":{"rendered":"\t\t<div data-elementor-type=\"wp-page\" data-elementor-id=\"44\" class=\"elementor elementor-44\" data-elementor-post-type=\"page\">\n\t\t\t\t\t\t<section class=\"elementor-section elementor-top-section elementor-element elementor-element-0fa1dae elementor-section-boxed elementor-section-height-default elementor-section-height-default\" data-id=\"0fa1dae\" data-element_type=\"section\" data-e-type=\"section\">\n\t\t\t\t\t\t<div class=\"elementor-container elementor-column-gap-default\">\n\t\t\t\t\t<div class=\"elementor-column elementor-col-100 elementor-top-column elementor-element elementor-element-c3fe5fd\" data-id=\"c3fe5fd\" data-element_type=\"column\" data-e-type=\"column\">\n\t\t\t<div class=\"elementor-widget-wrap elementor-element-populated\">\n\t\t\t\t\t\t<div class=\"elementor-element elementor-element-a0df316 elementor-widget elementor-widget-text-editor\" data-id=\"a0df316\" data-element_type=\"widget\" data-e-type=\"widget\" data-widget_type=\"text-editor.default\">\n\t\t\t\t<div class=\"elementor-widget-container\">\n\t\t\t\t\t\t\t\t\t<p style=\"text-align: left;\">Trabajadores, activistas, delegados y dirigentes, integrantes de la LISTA VERDE, reunidos en la ciudad de C\u00f3rdoba, entendemos que el actual sistema pol\u00edtico atraviesa una de sus m\u00e1s profundas crisis. Recesi\u00f3n, desocupaci\u00f3n, inflaci\u00f3n, marginaci\u00f3n, hambre y represi\u00f3n son palabras cotidianas y consecuencia<b> <\/b>de sus pol\u00edticas.<br \/><br \/>Somos luchadores, con la memoria hist\u00f3rica de nuestro pueblo presente, rescatando las referencialidades, valores y la entrega sin l\u00edmites a la causa de los trabajadores de miles de obreros y dirigentes populares, desaparecidos y asesinados; decididos a recuperar las mejores luchas, programas, culturas y tradiciones del movimiento obrero, con la memoria de la Semana Tr\u00e1gica, de los obreros de la Patag\u00f3nica, del 17 de Octubre, de sus banderas antiimperialistas y antiolig\u00e1rquicas, del Cordobazo, la resistencia peronista, con los programas de Huerta Grande, La Falda, la CGT de los Argentinos, de la resistencia a la dictadura genocida, del santiague\u00f1azo, la Marcha Federal, de las luchas contra la entrega del patrimonio nacional, y las gloriosas jornadas del 19 y 20 de diciembre del 2001.Nuestra lucha estar\u00e1 dirigida a construir un sindicato y una central de los trabajadores que respondan a sus intereses de clase. Junto a riquezas inimaginables de unos pocos, la mayor\u00eda de la poblaci\u00f3n se debate en la falta de presente y futuro; la lujuria ostentosa de unos pocos es el martirio y el hambre de la mayor\u00eda.<br \/><br \/>El ej\u00e9rcito de desocupados lo conforman millones de compatriotas, los salarios son bajos y las jubilaciones alcanzan para vivir unos pocos d\u00edas al mes, mientras en las calles cada vez m\u00e1s ni\u00f1os deambulan abandonados y aumenta en forma alarmante la cifra de los que mueren de hambre. La subordinaci\u00f3n de los actuales gobernantes a los lineamientos del FMI y los grandes grupos econ\u00f3micos, cuentan con un aliado inestimable para ellos, nefasto para nosotros: la burocracia sindical.<br \/><br \/>S\u00f3lo hace falta echar un vistazo hacia atr\u00e1s para ver el c\u00famulo de sus traiciones: colaboraron entregando listas de compa\u00f1eros a la dictadura militar, traicionaron grandes luchas e integraron gobiernos antipopulares, culminando su obra vaciando de contenido a la otrora orgullosa CGT de los trabajadores, transformando a muchos gremios en empresas ligadas a la jubilaci\u00f3n privada o comprando parte del paquete de empresas privatizadas.<\/p><p style=\"text-align: left;\" align=\"justify\">Nuestro compromiso es desarrollar desde la organizaci\u00f3n y la movilizaci\u00f3n social y pol\u00edtica, las formas m\u00e1s aut\u00e9nticas de la verdadera democracia de los trabajadores, basada en asambleas con control obrero y revocabilidad de los mandatos.<br \/><br \/>Hoy, cuando el garrote de la miseria, la desocupaci\u00f3n y marginaci\u00f3n golpea sobre nuestras espaldas, vemos con claridad la necesidad de contar con una herramienta que nos permita enfrentar a nuestros enemigos con perspectivas de triunfo.<br \/><br \/>Es por ello la necesidad de fortalecer el gremio y construir una central obrera fuerte, democr\u00e1tica, combativa, de y para los trabajadores, dirija su accionar a terminar con la explotaci\u00f3n y que metodol\u00f3gicamente est\u00e9 concebida para una inalterable pr\u00e1ctica de democracia sindical, donde los representantes elegidos sean subordinados de sus representados.<\/p><p style=\"text-align: left;\" align=\"justify\">Todo ello nos lleva a pronunciarnos por la conformaci\u00f3n de una central obrera integrada por los distintos sectores que se pronuncien y luchen hasta derrotar las pol\u00edticas de entrega y miseria contrarias a los intereses de los trabajadores, porque no se pueden defender los intereses de los trabajadores sin confrontar con estos modelos pol\u00edticos, como tampoco posible convivencia entre explotados y explotadores.<\/p>\t\t\t\t\t\t\t\t<\/div>\n\t\t\t\t<\/div>\n\t\t\t\t\t<\/div>\n\t\t<\/div>\n\t\t\t\t\t<\/div>\n\t\t<\/section>\n\t\t\t\t<\/div>\n\t\t","protected":false},"excerpt":{"rendered":"<p> [&hellip;]<\/p>\n","protected":false},"author":1,"featured_media":0,"parent":0,"menu_order":0,"comment_status":"closed","ping_status":"closed","template":"","meta":{"_monsterinsights_skip_tracking":false,"_monsterinsights_sitenote_active":false,"_monsterinsights_sitenote_note":"","_monsterinsights_sitenote_category":0,"footnotes":""},"class_list":["post-44","page","type-page","status-publish","hentry"],"aioseo_notices":[],"publishpress_future_action":{"enabled":false,"date":"2026-05-13 08:02:47","action":"change-status","newStatus":"draft","terms":[],"taxonomy":"","extraData":[]},"publishpress_future_workflow_manual_trigger":{"enabledWorkflows":[]},"_links":{"self":[{"href":"https:\/\/www.uogc.org.ar\/uogc\/wp-json\/wp\/v2\/pages\/44","targetHints":{"allow":["GET"]}}],"collection":[{"href":"https:\/\/www.uogc.org.ar\/uogc\/wp-json\/wp\/v2\/pages"}],"about":[{"href":"https:\/\/www.uogc.org.ar\/uogc\/wp-json\/wp\/v2\/types\/page"}],"author":[{"embeddable":true,"href":"https:\/\/www.uogc.org.ar\/uogc\/wp-json\/wp\/v2\/users\/1"}],"replies":[{"embeddable":true,"href":"https:\/\/www.uogc.org.ar\/uogc\/wp-json\/wp\/v2\/comments?post=44"}],"version-history":[{"count":9,"href":"https:\/\/www.uogc.org.ar\/uogc\/wp-json\/wp\/v2\/pages\/44\/revisions"}],"predecessor-version":[{"id":2308,"href":"https:\/\/www.uogc.org.ar\/uogc\/wp-json\/wp\/v2\/pages\/44\/revisions\/2308"}],"wp:attachment":[{"href":"https:\/\/www.uogc.org.ar\/uogc\/wp-json\/wp\/v2\/media?parent=44"}],"curies":[{"name":"wp","href":"https:\/\/api.w.org\/{rel}","templated":true}]}}